{"id":103,"date":"2023-08-02T18:42:37","date_gmt":"2023-08-02T16:42:37","guid":{"rendered":"https:\/\/aidetoi.fr\/?page_id=103"},"modified":"2023-08-05T11:43:44","modified_gmt":"2023-08-05T09:43:44","slug":"presentation","status":"publish","type":"page","link":"https:\/\/aidetoi.fr\/index.php\/aide-toi\/presentation\/","title":{"rendered":"Pr\u00e9sentation"},"content":{"rendered":"\n<p>AIDE-TOI est une association de Coachs Professionnels form\u00e9s et certifi\u00e9s par le Centre d\u2019Etude de l\u2019Enn\u00e9agramme ( <a href=\"http:\/\/www.cee-enneagramme.eu.\" target=\"_blank\" rel=\"noreferrer noopener\">CEE.<\/a> )<\/p>\n\n\n\n<p>Ils sont \u00e9galement formateurs Certifi\u00e9s de la Tradition Orale de l\u2019Enn\u00e9agramme. Aussi, proposent-ils, dans leur pratique de coaching, l\u2019utilisation de l\u2019Enn\u00e9agramme, pour favoriser l\u2019atteinte de l\u2019objectif de leur client.<\/p>\n\n\n\n<p>Nul n\u2019est plus expert de soi que soi-m\u00eame !<\/p>\n\n\n\n<p>L\u2019ambition des coachs d\u2019AIDE-TOI est d\u2019accompagner la personne humaine dans son d\u00e9veloppement, au plan personnel ou professionnel. Les probl\u00e9matiques apport\u00e9es peuvent se situer dans les domaines de l\u2019\u00e9ducation, de la vie de couple, de la relation d\u2019aide ou manag\u00e9riale.<\/p>\n\n\n\n<p>Les coachs d\u2019AIDE-TOI s\u2019adressent aux particuliers et aux entreprises pour :<\/p>\n\n\n\n<p>\u2013 du coaching personnel,<\/p>\n\n\n\n<p>\u2013 du coaching d\u2019\u00e9quipes<\/p>\n\n\n\n<p>\u2013 des formations \u00e0 l\u2019enn\u00e9agramme, module 1, \u00ab Mieux se conna\u00eetre et mieux comprendre les autres \u00bb.<\/p>\n","protected":false},"excerpt":{"rendered":"<p>AIDE-TOI est une association de Coachs Professionnels form\u00e9s et certifi\u00e9s par le Centre d\u2019Etude de l\u2019Enn\u00e9agramme ( CEE. ) Ils sont \u00e9galement formateurs Certifi\u00e9s de la Tradition Orale de l\u2019Enn\u00e9agramme. Aussi, proposent-ils, dans leur pratique de coaching, l\u2019utilisation de l\u2019Enn\u00e9agramme, pour favoriser l\u2019atteinte de l\u2019objectif de leur client. Nul n\u2019est plus expert de soi que&hellip;&nbsp;<a href=\"https:\/\/aidetoi.fr\/index.php\/aide-toi\/presentation\/\" rel=\"bookmark\">Lire la suite &raquo;<span class=\"screen-reader-text\">Pr\u00e9sentation<\/span><\/a><\/p>\n","protected":false},"author":1,"featured_media":0,"parent":5,"menu_order":1,"comment_status":"closed","ping_status":"closed","template":"","meta":{"_coblocks_attr":"","_coblocks_dimensions":"","_coblocks_responsive_height":"","_coblocks_accordion_ie_support":"","neve_meta_sidebar":"","neve_meta_container":"","neve_meta_enable_content_width":"","neve_meta_content_width":0,"neve_meta_title_alignment":"","neve_meta_author_avatar":"","neve_post_elements_order":"","neve_meta_disable_header":"","neve_meta_disable_footer":"","neve_meta_disable_title":"","_themeisle_gutenberg_block_has_review":false,"_ti_tpc_template_sync":false,"_ti_tpc_template_id":"","footnotes":""},"class_list":["post-103","page","type-page","status-publish","hentry"],"_links":{"self":[{"href":"https:\/\/aidetoi.fr\/index.php\/wp-json\/wp\/v2\/pages\/103","targetHints":{"allow":["GET"]}}],"collection":[{"href":"https:\/\/aidetoi.fr\/index.php\/wp-json\/wp\/v2\/pages"}],"about":[{"href":"https:\/\/aidetoi.fr\/index.php\/wp-json\/wp\/v2\/types\/page"}],"author":[{"embeddable":true,"href":"https:\/\/aidetoi.fr\/index.php\/wp-json\/wp\/v2\/users\/1"}],"replies":[{"embeddable":true,"href":"https:\/\/aidetoi.fr\/index.php\/wp-json\/wp\/v2\/comments?post=103"}],"version-history":[{"count":4,"href":"https:\/\/aidetoi.fr\/index.php\/wp-json\/wp\/v2\/pages\/103\/revisions"}],"predecessor-version":[{"id":172,"href":"https:\/\/aidetoi.fr\/index.php\/wp-json\/wp\/v2\/pages\/103\/revisions\/172"}],"up":[{"embeddable":true,"href":"https:\/\/aidetoi.fr\/index.php\/wp-json\/wp\/v2\/pages\/5"}],"wp:attachment":[{"href":"https:\/\/aidetoi.fr\/index.php\/wp-json\/wp\/v2\/media?parent=103"}],"curies":[{"name":"wp","href":"https:\/\/api.w.org\/{rel}","templated":true}]}}