{"id":16,"date":"2023-07-29T18:01:33","date_gmt":"2023-07-29T16:01:33","guid":{"rendered":"https:\/\/aidetoi.fr\/?page_id=16"},"modified":"2023-08-07T16:02:39","modified_gmt":"2023-08-07T14:02:39","slug":"nos-voeux-specialement-pour-vous","status":"publish","type":"page","link":"https:\/\/aidetoi.fr\/index.php\/aide-toi\/propositions\/nos-voeux-specialement-pour-vous\/","title":{"rendered":"V\u0153ux"},"content":{"rendered":"\n<p>1- Parce que nous croyons parfois devoir atteindre des objectifs d\u00e9mesur\u00e9s\u2026nous vous souhaitons la s\u00e9r\u00e9nit\u00e9 comme sommet ind\u00e9passable !<\/p>\n\n\n\n<p>2- Parce que nous voulons parfois nous donner sans nuance\u2026nous vous souhaitons l\u2019humilit\u00e9 rayonnante dans la disponibilit\u00e9 !<\/p>\n\n\n\n<p>3- Parce que nous nous identifions parfois \u00e0 une image triomphante\u2026nous vous souhaitons la fid\u00e9lit\u00e9 \u00e0 celui qui est v\u00e9rit\u00e9 en vous et la r\u00e9ussite de votre vie pour le bien du monde !<\/p>\n\n\n\n<p>4- Parce que nous nous laissons parfois submerger par nos \u00e9motions\u2026 nous vous souhaitons l\u2019\u00e9galit\u00e9 d\u2019\u00e2me pour illuminer le monde, comme personne, de votre beaut\u00e9 int\u00e9rieure !<\/p>\n\n\n\n<p>5- Parce que nous sommes parfois trop \u00e9conomes de nous-m\u00eames\u2026 nous vous souhaitons le d\u00e9tachement de ceux qui savent ne jamais se perdre en se donnant toujours !<\/p>\n\n\n\n<p>6- Parce que nos timidit\u00e9s nous limitent parfois sans pour autant nous \u00e9pargner\u2026nous vous souhaitons le courage de vous investir pleinement et de donner largement de votre confiance au monde !<\/p>\n\n\n\n<p>7- Parce que la vie nous grise parfois \u00e0 la surface de nous-m\u00eames\u2026nous vous souhaitons la sobri\u00e9t\u00e9 joyeuse de ceux qui prennent le temps de s\u2019abreuver \u00e0 la Source !<\/p>\n\n\n\n<p>8- Parce que nous sommes parfois trop, en tout, et de tous les combats\u2026 nous vous souhaitons la fra\u00eecheur de l\u2019innocence et la force protectrice de ceux qui sont ajust\u00e9s \u00e0 l\u2019Eternel !<\/p>\n\n\n\n<p>9- Parce que nos peurs des vagues nous paralysent parfois,\u2026 nous vous souhaitons d\u2019oser prendre le large pour porter l\u2019amour et agir juste sans r\u00e9serve !<\/p>\n\n\n\n<figure class=\"wp-block-image size-full\"><img loading=\"lazy\" decoding=\"async\" width=\"960\" height=\"629\" src=\"https:\/\/aidetoi.fr\/wp-content\/uploads\/20230807_133431.jpg\" alt=\"\" class=\"wp-image-205\" srcset=\"https:\/\/aidetoi.fr\/wp-content\/uploads\/20230807_133431.jpg 960w, https:\/\/aidetoi.fr\/wp-content\/uploads\/20230807_133431-300x197.jpg 300w, https:\/\/aidetoi.fr\/wp-content\/uploads\/20230807_133431-150x98.jpg 150w, https:\/\/aidetoi.fr\/wp-content\/uploads\/20230807_133431-768x503.jpg 768w\" sizes=\"auto, (max-width: 960px) 100vw, 960px\" \/><\/figure>\n","protected":false},"excerpt":{"rendered":"<p>1- Parce que nous croyons parfois devoir atteindre des objectifs d\u00e9mesur\u00e9s\u2026nous vous souhaitons la s\u00e9r\u00e9nit\u00e9 comme sommet ind\u00e9passable ! 2- Parce que nous voulons parfois nous donner sans nuance\u2026nous vous souhaitons l\u2019humilit\u00e9 rayonnante dans la disponibilit\u00e9 ! 3- Parce que nous nous identifions parfois \u00e0 une image triomphante\u2026nous vous souhaitons la fid\u00e9lit\u00e9 \u00e0 celui qui&hellip;&nbsp;<a href=\"https:\/\/aidetoi.fr\/index.php\/aide-toi\/propositions\/nos-voeux-specialement-pour-vous\/\" rel=\"bookmark\">Lire la suite &raquo;<span class=\"screen-reader-text\">V\u0153ux<\/span><\/a><\/p>\n","protected":false},"author":1,"featured_media":0,"parent":23,"menu_order":2,"comment_status":"closed","ping_status":"closed","template":"","meta":{"_coblocks_attr":"","_coblocks_dimensions":"","_coblocks_responsive_height":"","_coblocks_accordion_ie_support":"","neve_meta_sidebar":"","neve_meta_container":"","neve_meta_enable_content_width":"","neve_meta_content_width":0,"neve_meta_title_alignment":"","neve_meta_author_avatar":"","neve_post_elements_order":"","neve_meta_disable_header":"","neve_meta_disable_footer":"","neve_meta_disable_title":"","_themeisle_gutenberg_block_has_review":false,"_ti_tpc_template_sync":false,"_ti_tpc_template_id":"","footnotes":""},"class_list":["post-16","page","type-page","status-publish","hentry"],"_links":{"self":[{"href":"https:\/\/aidetoi.fr\/index.php\/wp-json\/wp\/v2\/pages\/16","targetHints":{"allow":["GET"]}}],"collection":[{"href":"https:\/\/aidetoi.fr\/index.php\/wp-json\/wp\/v2\/pages"}],"about":[{"href":"https:\/\/aidetoi.fr\/index.php\/wp-json\/wp\/v2\/types\/page"}],"author":[{"embeddable":true,"href":"https:\/\/aidetoi.fr\/index.php\/wp-json\/wp\/v2\/users\/1"}],"replies":[{"embeddable":true,"href":"https:\/\/aidetoi.fr\/index.php\/wp-json\/wp\/v2\/comments?post=16"}],"version-history":[{"count":3,"href":"https:\/\/aidetoi.fr\/index.php\/wp-json\/wp\/v2\/pages\/16\/revisions"}],"predecessor-version":[{"id":207,"href":"https:\/\/aidetoi.fr\/index.php\/wp-json\/wp\/v2\/pages\/16\/revisions\/207"}],"up":[{"embeddable":true,"href":"https:\/\/aidetoi.fr\/index.php\/wp-json\/wp\/v2\/pages\/23"}],"wp:attachment":[{"href":"https:\/\/aidetoi.fr\/index.php\/wp-json\/wp\/v2\/media?parent=16"}],"curies":[{"name":"wp","href":"https:\/\/api.w.org\/{rel}","templated":true}]}}