{"id":18,"date":"2023-07-29T18:04:41","date_gmt":"2023-07-29T16:04:41","guid":{"rendered":"https:\/\/aidetoi.fr\/?page_id=18"},"modified":"2023-08-05T15:46:02","modified_gmt":"2023-08-05T13:46:02","slug":"dominique-salis","status":"publish","type":"page","link":"https:\/\/aidetoi.fr\/index.php\/aide-toi\/presentation\/dominique-salis\/","title":{"rendered":"Dominique Salis"},"content":{"rendered":"\n<figure class=\"wp-block-image size-medium\"><img loading=\"lazy\" decoding=\"async\" width=\"300\" height=\"200\" src=\"https:\/\/aidetoi.fr\/wp-content\/uploads\/2023\/07\/2Y0A0215-300x200.jpg\" alt=\"\" class=\"wp-image-7\" srcset=\"https:\/\/aidetoi.fr\/wp-content\/uploads\/2023\/07\/2Y0A0215-300x200.jpg 300w, https:\/\/aidetoi.fr\/wp-content\/uploads\/2023\/07\/2Y0A0215-1024x683.jpg 1024w, https:\/\/aidetoi.fr\/wp-content\/uploads\/2023\/07\/2Y0A0215-768x512.jpg 768w, https:\/\/aidetoi.fr\/wp-content\/uploads\/2023\/07\/2Y0A0215-1536x1024.jpg 1536w, https:\/\/aidetoi.fr\/wp-content\/uploads\/2023\/07\/2Y0A0215-2048x1365.jpg 2048w\" sizes=\"auto, (max-width: 300px) 100vw, 300px\" \/><\/figure>\n\n\n\n<p>Dominique SALIS a \u00e9t\u00e9 Directeur G\u00e9n\u00e9ral au sein d\u2019une ONG et g\u00e9rant de deux soci\u00e9t\u00e9s.<\/p>\n\n\n\n<p>Confront\u00e9 depuis de nombreuses ann\u00e9es aux probl\u00e9matiques qu\u2019un coach accompagne, il s\u2019est form\u00e9 dans une des \u00e9coles les plus exigeantes.<\/p>\n\n\n\n<p>Il accompagne aujourd\u2019hui des professionnels et des particuliers dans leur volont\u00e9 d\u2019atteindre les objectifs qu\u2019ils vont se donner.<\/p>\n\n\n\n<p>Il transmet l\u2019enn\u00e9agramme, lors de sessions ouvertes \u00e0 tous, dans le respect de la Tradition Orale.<\/p>\n\n\n\n<p>Son mode de r\u00e9mun\u00e9ration original s\u2019inscrit dans la philosophie humaniste de l\u2019\u00e9conomie solidaire. Celui-ci lui permet d\u2019intervenir aupr\u00e8s de tous, quel que soit le niveau de revenu.<\/p>\n\n\n\n<p>Dominique SALIS est co-fondateur de AIDE-TOI avec Laurence DANIELOU.<\/p>\n\n\n\n<p>Pour le contacter:<\/p>\n\n\n\n<p>Mail : dominique.salis@orange.fr<\/p>\n\n\n\n<p>Courrier : 10-12 La No\u00e9 Renault 22150 PLOEUC-L&#8217;HERMITAGE ; C\u00f4tes d\u2019Armor; Bretagne; France<\/p>\n","protected":false},"excerpt":{"rendered":"<p>Dominique SALIS a \u00e9t\u00e9 Directeur G\u00e9n\u00e9ral au sein d\u2019une ONG et g\u00e9rant de deux soci\u00e9t\u00e9s. Confront\u00e9 depuis de nombreuses ann\u00e9es aux probl\u00e9matiques qu\u2019un coach accompagne, il s\u2019est form\u00e9 dans une des \u00e9coles les plus exigeantes. Il accompagne aujourd\u2019hui des professionnels et des particuliers dans leur volont\u00e9 d\u2019atteindre les objectifs qu\u2019ils vont se donner. Il transmet&hellip;&nbsp;<a href=\"https:\/\/aidetoi.fr\/index.php\/aide-toi\/presentation\/dominique-salis\/\" rel=\"bookmark\">Lire la suite &raquo;<span class=\"screen-reader-text\">Dominique Salis<\/span><\/a><\/p>\n","protected":false},"author":1,"featured_media":0,"parent":103,"menu_order":1,"comment_status":"closed","ping_status":"closed","template":"","meta":{"_coblocks_attr":"","_coblocks_dimensions":"","_coblocks_responsive_height":"","_coblocks_accordion_ie_support":"","neve_meta_sidebar":"","neve_meta_container":"","neve_meta_enable_content_width":"","neve_meta_content_width":0,"neve_meta_title_alignment":"","neve_meta_author_avatar":"","neve_post_elements_order":"","neve_meta_disable_header":"","neve_meta_disable_footer":"","neve_meta_disable_title":"","_themeisle_gutenberg_block_has_review":false,"_ti_tpc_template_sync":false,"_ti_tpc_template_id":"","footnotes":""},"class_list":["post-18","page","type-page","status-publish","hentry"],"_links":{"self":[{"href":"https:\/\/aidetoi.fr\/index.php\/wp-json\/wp\/v2\/pages\/18","targetHints":{"allow":["GET"]}}],"collection":[{"href":"https:\/\/aidetoi.fr\/index.php\/wp-json\/wp\/v2\/pages"}],"about":[{"href":"https:\/\/aidetoi.fr\/index.php\/wp-json\/wp\/v2\/types\/page"}],"author":[{"embeddable":true,"href":"https:\/\/aidetoi.fr\/index.php\/wp-json\/wp\/v2\/users\/1"}],"replies":[{"embeddable":true,"href":"https:\/\/aidetoi.fr\/index.php\/wp-json\/wp\/v2\/comments?post=18"}],"version-history":[{"count":3,"href":"https:\/\/aidetoi.fr\/index.php\/wp-json\/wp\/v2\/pages\/18\/revisions"}],"predecessor-version":[{"id":193,"href":"https:\/\/aidetoi.fr\/index.php\/wp-json\/wp\/v2\/pages\/18\/revisions\/193"}],"up":[{"embeddable":true,"href":"https:\/\/aidetoi.fr\/index.php\/wp-json\/wp\/v2\/pages\/103"}],"wp:attachment":[{"href":"https:\/\/aidetoi.fr\/index.php\/wp-json\/wp\/v2\/media?parent=18"}],"curies":[{"name":"wp","href":"https:\/\/api.w.org\/{rel}","templated":true}]}}