{"id":47,"date":"2023-07-29T19:01:02","date_gmt":"2023-07-29T17:01:02","guid":{"rendered":"https:\/\/aidetoi.fr\/?page_id=47"},"modified":"2023-07-29T19:05:35","modified_gmt":"2023-07-29T17:05:35","slug":"temoignages","status":"publish","type":"page","link":"https:\/\/aidetoi.fr\/index.php\/aide-toi\/ressources\/temoignages\/","title":{"rendered":"T\u00e9moignages"},"content":{"rendered":"\n<p><\/p>\n\n\n\n<p>Prudent, je me suis inscrit \u00e0 l\u2019Enn\u00e9agramme<\/p>\n\n\n\n<p>Sans en conna\u00eetre au d\u00e9part, la vraie tonalit\u00e9<\/p>\n\n\n\n<p>Voulant discerner ma vraie personnalit\u00e9<\/p>\n\n\n\n<p>Quelque part, \u00eatre en harmonie avec mon \u00e2me.<\/p>\n\n\n\n<p>Pour d\u2019autres, c\u2019est se d\u00e9couvrir, curieux par nature,<\/p>\n\n\n\n<p>Avoir un int\u00e9r\u00eat pour la psychologie<\/p>\n\n\n\n<p>Comprendre l\u2019autre, la fa\u00e7on dont il agit<\/p>\n\n\n\n<p>Ou avoir de soi-m\u00eame une id\u00e9e plus pure.<\/p>\n\n\n\n<p>Nous avons \u00e9chang\u00e9 sans conna\u00eetre nos professions<\/p>\n\n\n\n<p>Lesquelles auraient pu \u00eatre attach\u00e9es \u00e0 des valeurs<\/p>\n\n\n\n<p>Nous rev\u00eatir d\u2019un habit, tel un tailleur<\/p>\n\n\n\n<p>Et emp\u00eacher le d\u00e9voilement de nos \u00e9motions.<\/p>\n\n\n\n<p>L\u2019enn\u00e9agramme viendrait de psychologues humanistes<\/p>\n\n\n\n<p>D\u00e9veloppant chez l\u2019homme neuf profils.<\/p>\n\n\n\n<p>Mais la personnalit\u00e9 n\u2019est pas cousue de blanc fil<\/p>\n\n\n\n<p>Pour nous y retrouver, il faut emprunter plusieurs pistes.<\/p>\n\n\n\n<p>On a pu se reconna\u00eetre dans un blason<\/p>\n\n\n\n<p>Ou l\u2019on a exprim\u00e9 toute notre authenticit\u00e9<\/p>\n\n\n\n<p>M\u00ealant respect, patience, harmonie, v\u00e9rit\u00e9<\/p>\n\n\n\n<p>O\u00f9 chacun dans ses inscriptions avait ses raisons.<\/p>\n\n\n\n<p>De nous, les animaux apportent un \u00e9clairage<\/p>\n\n\n\n<p>O\u00f9 l\u2019on distingue, le faible, le fort, l\u2019esth\u00e9tique<\/p>\n\n\n\n<p>Le lent, le prudent, l\u2019original, l\u2019analytique.<\/p>\n\n\n\n<p>De l\u2019homme les animaux nous r\u00e9v\u00e8lent une image.<\/p>\n\n\n\n<p>Chacun vit avec son pass\u00e9, ses blessures,<\/p>\n\n\n\n<p>Avec des situations de conflits int\u00e9rieurs,<\/p>\n\n\n\n<p>Que nous voulons cacher \u00e0 notre ext\u00e9rieur.<\/p>\n\n\n\n<p>Les reconna\u00eetre, accepter, parfois, c\u2019est dur.<\/p>\n\n\n\n<p>Les diff\u00e9rents profils aident \u00e0 me conna\u00eetre<\/p>\n\n\n\n<p>Ai-je de la rigueur, de l\u2019originalit\u00e9,<\/p>\n\n\n\n<p>De l\u2019empathie, de la force, de la loyaut\u00e9<\/p>\n\n\n\n<p>Qu\u2019est-ce qui r\u00e9sonne le plus au fond de mon \u00eatre ?<\/p>\n\n\n\n<p>Efficacit\u00e9, image, harmonie, \u00e9coute ?<\/p>\n\n\n\n<p>Performance, prudence, paix, observation ?<\/p>\n\n\n\n<p>Respect des r\u00e8gles, savoir, anticipation ?<\/p>\n\n\n\n<p>Optimisme, plaisir, confiance, calme, doute ?<\/p>\n\n\n\n<p>Quelle intelligence fonctionne en priorit\u00e9 ?<\/p>\n\n\n\n<p>Celle de ma t\u00eate, de mon corps ou de mon c\u0153ur ?<\/p>\n\n\n\n<p>R\u00e9v\u00e9lant mes \u00e9motions, ma col\u00e8re ou ma peur,<\/p>\n\n\n\n<p>Cerner ainsi de plus pr\u00e8s ma personnalit\u00e9.<\/p>\n\n\n\n<p>L\u2019enn\u00e9agramme n\u2019est pas l\u2019enfermement.<\/p>\n\n\n\n<p>Les fl\u00e8ches compl\u00e8tent mon esprit critique<\/p>\n\n\n\n<p>Et cr\u00e9ent en moi une certaine dynamique,<\/p>\n\n\n\n<p>Les ailes \u00e9quilibrent ma vie, mon mouvement.<\/p>\n\n\n\n<p>La diversit\u00e9 fait la richesse du monde.<\/p>\n\n\n\n<p>Cette formation m\u2019a permis une ouverture<\/p>\n\n\n\n<p>S\u2019\u00e9merveiller, s\u2019ouvrir n\u2019est peut-\u00eatre pas si dur.<\/p>\n\n\n\n<p>Optimisme, joie de vivre en moi abondent.<\/p>\n\n\n\n<p>Laurence, tu nous as parl\u00e9 en v\u00e9rit\u00e9<\/p>\n\n\n\n<p>Il faut se voir, accepter de ne pas \u00eatre tout<\/p>\n\n\n\n<p>Nous sommes compos\u00e9s de plein de petits bouts<\/p>\n\n\n\n<p>Qui joints permettent une meilleure authenticit\u00e9.<\/p>\n\n\n\n<p>Formation vivante, riche sous tous ses aspects<\/p>\n\n\n\n<p>Partages emprunts d\u2019une belle humanit\u00e9<\/p>\n\n\n\n<p>Merci pour tout, Laurence, ta simplicit\u00e9<\/p>\n\n\n\n<p>Ton enthousiasme, ta loyaut\u00e9, ton respect.<\/p>\n\n\n\n<p>Le 12 mars 2013,<\/p>\n\n\n\n<p>Denis.<\/p>\n","protected":false},"excerpt":{"rendered":"<p>Prudent, je me suis inscrit \u00e0 l\u2019Enn\u00e9agramme Sans en conna\u00eetre au d\u00e9part, la vraie tonalit\u00e9 Voulant discerner ma vraie personnalit\u00e9 Quelque part, \u00eatre en harmonie avec mon \u00e2me. Pour d\u2019autres, c\u2019est se d\u00e9couvrir, curieux par nature, Avoir un int\u00e9r\u00eat pour la psychologie Comprendre l\u2019autre, la fa\u00e7on dont il agit Ou avoir de soi-m\u00eame une id\u00e9e&hellip;&nbsp;<a href=\"https:\/\/aidetoi.fr\/index.php\/aide-toi\/ressources\/temoignages\/\" rel=\"bookmark\">Lire la suite &raquo;<span class=\"screen-reader-text\">T\u00e9moignages<\/span><\/a><\/p>\n","protected":false},"author":1,"featured_media":0,"parent":25,"menu_order":2,"comment_status":"closed","ping_status":"closed","template":"","meta":{"_coblocks_attr":"","_coblocks_dimensions":"","_coblocks_responsive_height":"","_coblocks_accordion_ie_support":"","neve_meta_sidebar":"","neve_meta_container":"","neve_meta_enable_content_width":"","neve_meta_content_width":0,"neve_meta_title_alignment":"","neve_meta_author_avatar":"","neve_post_elements_order":"","neve_meta_disable_header":"","neve_meta_disable_footer":"","neve_meta_disable_title":"","_themeisle_gutenberg_block_has_review":false,"_ti_tpc_template_sync":false,"_ti_tpc_template_id":"","footnotes":""},"class_list":["post-47","page","type-page","status-publish","hentry"],"_links":{"self":[{"href":"https:\/\/aidetoi.fr\/index.php\/wp-json\/wp\/v2\/pages\/47","targetHints":{"allow":["GET"]}}],"collection":[{"href":"https:\/\/aidetoi.fr\/index.php\/wp-json\/wp\/v2\/pages"}],"about":[{"href":"https:\/\/aidetoi.fr\/index.php\/wp-json\/wp\/v2\/types\/page"}],"author":[{"embeddable":true,"href":"https:\/\/aidetoi.fr\/index.php\/wp-json\/wp\/v2\/users\/1"}],"replies":[{"embeddable":true,"href":"https:\/\/aidetoi.fr\/index.php\/wp-json\/wp\/v2\/comments?post=47"}],"version-history":[{"count":2,"href":"https:\/\/aidetoi.fr\/index.php\/wp-json\/wp\/v2\/pages\/47\/revisions"}],"predecessor-version":[{"id":49,"href":"https:\/\/aidetoi.fr\/index.php\/wp-json\/wp\/v2\/pages\/47\/revisions\/49"}],"up":[{"embeddable":true,"href":"https:\/\/aidetoi.fr\/index.php\/wp-json\/wp\/v2\/pages\/25"}],"wp:attachment":[{"href":"https:\/\/aidetoi.fr\/index.php\/wp-json\/wp\/v2\/media?parent=47"}],"curies":[{"name":"wp","href":"https:\/\/api.w.org\/{rel}","templated":true}]}}