{"id":5,"date":"2023-07-29T17:54:44","date_gmt":"2023-07-29T15:54:44","guid":{"rendered":"https:\/\/aidetoi.fr\/?page_id=5"},"modified":"2025-02-21T09:23:48","modified_gmt":"2025-02-21T08:23:48","slug":"aide-toi","status":"publish","type":"page","link":"https:\/\/aidetoi.fr\/","title":{"rendered":"Et si nous nous rencontrions ?"},"content":{"rendered":"\n<blockquote class=\"wp-block-quote is-layout-flow wp-block-quote-is-layout-flow\">\n<p><strong>CYCLE DE D\u00c9COUVERTE DE L&#8217;ENNEAGRAMME<\/strong><\/p>\n\n\n\n<p>Pr\u00e9sent\u00e9 par Laurence DANIELOU,&nbsp; formatrice, coach, co-fondatrice d&#8217;Aide-toi (<a href=\"http:\/\/www.aidetoi.fr\/\" rel=\"noreferrer noopener\" target=\"_blank\">www.aidetoi.fr<\/a>) et auteur de&nbsp;D\u00e9couvrirl&#8217;Enn\u00e9agramme, \u00e9ditions Dunod.<\/p>\n\n\n\n<p>&#8220;<em>J&#8217;aurais la joie de vous rencontrer et de vous parler de l&#8217;enn\u00e9agramme, \u00e0 la librairie Personnali&#8217;Th\u00e9 (29 rue du Vieux Versailles,\u00a0 78000 Versailles).\u00a0Conditions et inscription au 0171410347 ou\u00a0<a href=\"mailto:personnali.t@gmail.com\" target=\"_blank\" rel=\"noreferrer noopener\">personnali.t@gmail.com<\/a>&#8220;<\/em> de 19h15 \u00e0 20h30<\/p>\n\n\n\n<p>Jeudi 13.03 &#8211; D\u00e9couverte des profils &#8220;centre corps&#8221; : 1, 8 et 9.&nbsp;<\/p>\n\n\n\n<p>Jeudi 20.03 &#8211; D\u00e9couverte des profils &#8220;centre c\u0153ur&nbsp;&#8221; : 2, 3 et 4.<\/p>\n\n\n\n<p>Jeudi 27.03 &#8211; D\u00e9couverte des profils &#8220;centre t\u00eate&#8221; : 5, 6 et 7.&nbsp;<\/p>\n\n\n\n<p>Jeudi 3.04 &#8211; D\u00e9couverte de son profil personnel.<\/p>\n\n\n\n<p class=\"has-text-align-right\">Laurence Dani\u00e9lou<\/p>\n\n\n\n<p><\/p>\n\n\n\n<p><\/p>\n\n\n\n<p><\/p>\n\n\n\n<p class=\"has-text-align-center\"><em>\u00ab&nbsp;Si noir que soit le deuil, conservez l&#8217;esp\u00e9rance,<\/em><br><em>Car rien n&#8217;est plein de nuit sans \u00eatre plein de ciel.<br>Puisse notre pri\u00e8re, sortie amour de nous, entrer lumi\u00e8re en vous.<br>Peuples, aimez&nbsp;! On devient lumineux en aimant.&nbsp;\u00bb<br>Victor Hugo<\/em> <\/p>\n\n\n\n<p><\/p>\n\n\n\n<p class=\"has-text-align-left\" style=\"font-size:17px\"><strong><em>Ouvrez votre c\u0153ur et laissez-vous envelopper de la brise l\u00e9g\u00e8re de la s\u00e9r\u00e9nit\u00e9<br>Ouvrez votre c\u0153ur et laissez-vous aimer simplement sans rien devoir en \u00e9change<br>Ouvrez votre c\u0153ur et laissez-vous guider par l\u2019esprit de v\u00e9rit\u00e9 au service des autres<br>Ouvrez votre c\u0153ur et laissez-en jaillir la beaut\u00e9, qu\u2019elle apporte la joie et vous donne la paix<br>Ouvrez votre c\u0153ur et laissez-y entrer ceux qui frappent \u00e0 votre porte<br>Ouvrez votre c\u0153ur et aimez chacune et chacun sans crainte<br>Ouvrez votre c\u0153ur et communiquez votre joie de vivre<br>Ouvrez votre c\u0153ur et mettez toute votre \u00e9nergie au service des plus petits<br>Ouvrez votre c\u0153ur et que la paix passe par vous dans ce monde<\/em><\/strong><\/p>\n<\/blockquote>\n\n\n\n<p class=\"has-text-align-center\" style=\"font-size:17px\">Belle ann\u00e9e 2025\u00a0!<br>Laurence Dani\u00e9lou et\u00a0Dominique\u00a0Salis<\/p>\n\n\n\n<p class=\"has-text-align-left\">AIDE-TOI est l\u2019association de deux coachs professionnels : Laurence Dani\u00e9lou et Dominique Salis.<br>Aide-Toi se donne comme mission d\u2019accompagner la personne en recherche pour qu\u2019elle trouve par elle-m\u00eame ses meilleures solutions. Laurence Dani\u00e9lou et Dominique Salis proposent divers outils dans le cadre de ce processus de changement. Ils accueillent toute personne quelque soit son cheminement, consid\u00e9rant qu&#8217;il n\u2019y a qu\u2019une humanit\u00e9 appel\u00e9e vers son accomplissement, vers plus de vie. <\/p>\n\n\n\n<blockquote class=\"wp-block-quote is-layout-flow wp-block-quote-is-layout-flow\">\n<p><em>\u00ab Je suis venu pour que vous ayez la vie et la vie en abondance \u00bb <\/em><\/p>\n<cite><em>Jean 10,10.<\/em><\/cite><\/blockquote>\n\n\n\n<div class=\"wp-block-group\"><div class=\"wp-block-group__inner-container is-layout-constrained wp-block-group-is-layout-constrained\">\n<figure class=\"wp-block-gallery has-nested-images columns-default is-cropped wp-block-gallery-1 is-layout-flex wp-block-gallery-is-layout-flex\">\n<figure class=\"wp-block-image size-full\"><img loading=\"lazy\" decoding=\"async\" width=\"230\" height=\"230\" data-id=\"274\" src=\"https:\/\/aidetoi.fr\/wp-content\/uploads\/LD-edited.jpg\" alt=\"\" class=\"wp-image-274\" srcset=\"https:\/\/aidetoi.fr\/wp-content\/uploads\/LD-edited.jpg 230w, https:\/\/aidetoi.fr\/wp-content\/uploads\/LD-edited-150x150.jpg 150w\" sizes=\"auto, (max-width: 230px) 100vw, 230px\" \/><figcaption class=\"wp-element-caption\">Laurence Dani\u00e9lou<\/figcaption><\/figure>\n\n\n\n<figure class=\"wp-block-image size-large\"><img loading=\"lazy\" decoding=\"async\" width=\"1024\" height=\"683\" data-id=\"7\" src=\"https:\/\/aidetoi.fr\/wp-content\/uploads\/2023\/07\/2Y0A0215-1024x683.jpg\" alt=\"\" class=\"wp-image-7\" srcset=\"https:\/\/aidetoi.fr\/wp-content\/uploads\/2023\/07\/2Y0A0215-1024x683.jpg 1024w, https:\/\/aidetoi.fr\/wp-content\/uploads\/2023\/07\/2Y0A0215-300x200.jpg 300w, https:\/\/aidetoi.fr\/wp-content\/uploads\/2023\/07\/2Y0A0215-768x512.jpg 768w, https:\/\/aidetoi.fr\/wp-content\/uploads\/2023\/07\/2Y0A0215-1536x1024.jpg 1536w, https:\/\/aidetoi.fr\/wp-content\/uploads\/2023\/07\/2Y0A0215-2048x1365.jpg 2048w\" sizes=\"auto, (max-width: 1024px) 100vw, 1024px\" \/><figcaption class=\"wp-element-caption\">Dominique Salis<\/figcaption><\/figure>\n<\/figure>\n<\/div><\/div>\n\n\n<div class=\"wp-block-image\">\n<figure class=\"aligncenter size-full is-resized\"><img loading=\"lazy\" decoding=\"async\" width=\"480\" height=\"480\" src=\"https:\/\/aidetoi.fr\/wp-content\/uploads\/Logo-anime-4.gif\" alt=\"\" class=\"wp-image-268\" style=\"width:240px;height:240px\"\/><\/figure>\n<\/div>","protected":false},"excerpt":{"rendered":"<p>CYCLE DE D\u00c9COUVERTE DE L&#8217;ENNEAGRAMME Pr\u00e9sent\u00e9 par Laurence DANIELOU,&nbsp; formatrice, coach, co-fondatrice d&#8217;Aide-toi (www.aidetoi.fr) et auteur de&nbsp;D\u00e9couvrirl&#8217;Enn\u00e9agramme, \u00e9ditions Dunod. &#8220;J&#8217;aurais la joie de vous rencontrer et de vous parler de l&#8217;enn\u00e9agramme, \u00e0 la librairie Personnali&#8217;Th\u00e9 (29 rue du Vieux Versailles,\u00a0 78000 Versailles).\u00a0Conditions et inscription au 0171410347 ou\u00a0personnali.t@gmail.com&#8220; de 19h15 \u00e0 20h30 Jeudi 13.03 &#8211; D\u00e9couverte&hellip;&nbsp;<a href=\"https:\/\/aidetoi.fr\/\" rel=\"bookmark\">Lire la suite &raquo;<span class=\"screen-reader-text\">Et si nous nous rencontrions ?<\/span><\/a><\/p>\n","protected":false},"author":1,"featured_media":0,"parent":0,"menu_order":0,"comment_status":"closed","ping_status":"closed","template":"","meta":{"_coblocks_attr":"","_coblocks_dimensions":"","_coblocks_responsive_height":"","_coblocks_accordion_ie_support":"","neve_meta_sidebar":"","neve_meta_container":"","neve_meta_enable_content_width":"","neve_meta_content_width":0,"neve_meta_title_alignment":"left","neve_meta_author_avatar":"","neve_post_elements_order":"","neve_meta_disable_header":"","neve_meta_disable_footer":"","neve_meta_disable_title":"","_themeisle_gutenberg_block_has_review":false,"_ti_tpc_template_sync":false,"_ti_tpc_template_id":"","footnotes":""},"class_list":["post-5","page","type-page","status-publish","hentry"],"_links":{"self":[{"href":"https:\/\/aidetoi.fr\/index.php\/wp-json\/wp\/v2\/pages\/5","targetHints":{"allow":["GET"]}}],"collection":[{"href":"https:\/\/aidetoi.fr\/index.php\/wp-json\/wp\/v2\/pages"}],"about":[{"href":"https:\/\/aidetoi.fr\/index.php\/wp-json\/wp\/v2\/types\/page"}],"author":[{"embeddable":true,"href":"https:\/\/aidetoi.fr\/index.php\/wp-json\/wp\/v2\/users\/1"}],"replies":[{"embeddable":true,"href":"https:\/\/aidetoi.fr\/index.php\/wp-json\/wp\/v2\/comments?post=5"}],"version-history":[{"count":23,"href":"https:\/\/aidetoi.fr\/index.php\/wp-json\/wp\/v2\/pages\/5\/revisions"}],"predecessor-version":[{"id":301,"href":"https:\/\/aidetoi.fr\/index.php\/wp-json\/wp\/v2\/pages\/5\/revisions\/301"}],"wp:attachment":[{"href":"https:\/\/aidetoi.fr\/index.php\/wp-json\/wp\/v2\/media?parent=5"}],"curies":[{"name":"wp","href":"https:\/\/api.w.org\/{rel}","templated":true}]}}