{"id":53,"date":"2023-07-29T19:21:50","date_gmt":"2023-07-29T17:21:50","guid":{"rendered":"https:\/\/aidetoi.fr\/?page_id=53"},"modified":"2023-08-04T14:45:39","modified_gmt":"2023-08-04T12:45:39","slug":"initiation-a-lenneagramme-programme","status":"publish","type":"page","link":"https:\/\/aidetoi.fr\/index.php\/aide-toi\/presentation\/initiation-a-lenneagramme-programme\/","title":{"rendered":"Enn\u00e9agramme"},"content":{"rendered":"\n<p><\/p>\n\n\n\n<p>L\u2019Enn\u00e9agramme est un syst\u00e8me d\u2019\u00e9tude de la personnalit\u00e9 qui se d\u00e9cline en 9<br>profils.<br>La particularit\u00e9 de cet outil est de s\u2019attacher \u00e0 la connaissance de nos motivations<br>profondes.<br>L\u2019\u00e9thique de la tradition orale s\u2019appuie sur un constat : \u00ab Nul n\u2019est plus expert de soi<br>que soi-m\u00eame \u00bb.<br>Lors des stages, chacun est librement invit\u00e9 \u00e0 parler de sa vie et chacun dit ce qu\u2019il a<br>envie d\u2019en dire et pas plus. Personne n\u2019est \u00ab typ\u00e9 \u00bb \u00e0 son insu, mais chacun est<br>appel\u00e9 \u00e0 cheminer vers une meilleure connaissance de soi et compr\u00e9hension de<br>l\u2019autre, \u00e0 son propre rythme.<br>La transmission par un enseignant certifi\u00e9 par le CEE est donc vivante et<br>respectueuse de la personne et de ses valeurs.<br>MODULE 1<br>Pr\u00e9requis : aucun.<br>Au cours de la formation, chacun pourra&nbsp;:<\/p>\n\n\n\n<ul class=\"wp-block-list\">\n<li>D\u00e9couvrir les neufs profils : vues du monde, motivations, peurs, exc\u00e8s et<br>compulsions, mots cl\u00e9s, modes d\u2019attention et valeurs<\/li>\n\n\n\n<li>Comprendre la th\u00e9orie d\u2019ensemble et utiliser le syst\u00e8me<\/li>\n\n\n\n<li>Acqu\u00e9rir des rep\u00e8res sur sa personnalit\u00e9<\/li>\n\n\n\n<li>D\u00e9velopper ses potentialit\u00e9s<\/li>\n\n\n\n<li>Trouver sa base, mieux comprendre ses proches par une interactivit\u00e9<br>importante, \u00e0 partir du v\u00e9cu de chaque participant<\/li>\n\n\n\n<li>Se situer avec l\u2019outil de l\u2019Enn\u00e9agramme<\/li>\n\n\n\n<li>Rep\u00e9rer et comprendre ses r\u00e9actions spontan\u00e9es<\/li>\n\n\n\n<li>Rep\u00e9rer les points forts et points faibles de chaque base<\/li>\n\n\n\n<li>Mieux se conna\u00eetre et mieux comprendre les autres&nbsp;!<\/li>\n<\/ul>\n\n\n\n<p>Deux lieux de formation :<br>Bretagne, Ploeuc-sur-Li\u00e9 22<br>Ile de France, Versailles 78<\/p>\n","protected":false},"excerpt":{"rendered":"<p>L\u2019Enn\u00e9agramme est un syst\u00e8me d\u2019\u00e9tude de la personnalit\u00e9 qui se d\u00e9cline en 9profils.La particularit\u00e9 de cet outil est de s\u2019attacher \u00e0 la connaissance de nos motivationsprofondes.L\u2019\u00e9thique de la tradition orale s\u2019appuie sur un constat : \u00ab Nul n\u2019est plus expert de soique soi-m\u00eame \u00bb.Lors des stages, chacun est librement invit\u00e9 \u00e0 parler de sa vie&hellip;&nbsp;<a href=\"https:\/\/aidetoi.fr\/index.php\/aide-toi\/presentation\/initiation-a-lenneagramme-programme\/\" rel=\"bookmark\">Lire la suite &raquo;<span class=\"screen-reader-text\">Enn\u00e9agramme<\/span><\/a><\/p>\n","protected":false},"author":1,"featured_media":0,"parent":103,"menu_order":2,"comment_status":"closed","ping_status":"closed","template":"","meta":{"_coblocks_attr":"","_coblocks_dimensions":"","_coblocks_responsive_height":"","_coblocks_accordion_ie_support":"","neve_meta_sidebar":"","neve_meta_container":"","neve_meta_enable_content_width":"","neve_meta_content_width":0,"neve_meta_title_alignment":"","neve_meta_author_avatar":"","neve_post_elements_order":"","neve_meta_disable_header":"","neve_meta_disable_footer":"","neve_meta_disable_title":"","_themeisle_gutenberg_block_has_review":false,"_ti_tpc_template_sync":false,"_ti_tpc_template_id":"","footnotes":""},"class_list":["post-53","page","type-page","status-publish","hentry"],"_links":{"self":[{"href":"https:\/\/aidetoi.fr\/index.php\/wp-json\/wp\/v2\/pages\/53","targetHints":{"allow":["GET"]}}],"collection":[{"href":"https:\/\/aidetoi.fr\/index.php\/wp-json\/wp\/v2\/pages"}],"about":[{"href":"https:\/\/aidetoi.fr\/index.php\/wp-json\/wp\/v2\/types\/page"}],"author":[{"embeddable":true,"href":"https:\/\/aidetoi.fr\/index.php\/wp-json\/wp\/v2\/users\/1"}],"replies":[{"embeddable":true,"href":"https:\/\/aidetoi.fr\/index.php\/wp-json\/wp\/v2\/comments?post=53"}],"version-history":[{"count":4,"href":"https:\/\/aidetoi.fr\/index.php\/wp-json\/wp\/v2\/pages\/53\/revisions"}],"predecessor-version":[{"id":139,"href":"https:\/\/aidetoi.fr\/index.php\/wp-json\/wp\/v2\/pages\/53\/revisions\/139"}],"up":[{"embeddable":true,"href":"https:\/\/aidetoi.fr\/index.php\/wp-json\/wp\/v2\/pages\/103"}],"wp:attachment":[{"href":"https:\/\/aidetoi.fr\/index.php\/wp-json\/wp\/v2\/media?parent=53"}],"curies":[{"name":"wp","href":"https:\/\/api.w.org\/{rel}","templated":true}]}}