{"id":55,"date":"2023-07-29T19:23:11","date_gmt":"2023-07-29T17:23:11","guid":{"rendered":"https:\/\/aidetoi.fr\/?page_id=55"},"modified":"2023-08-09T18:02:31","modified_gmt":"2023-08-09T16:02:31","slug":"formations","status":"publish","type":"page","link":"https:\/\/aidetoi.fr\/index.php\/aide-toi\/propositions\/formations\/","title":{"rendered":"Formations"},"content":{"rendered":"\n<p><\/p>\n\n\n\n<h2 class=\"wp-block-heading\">FORMATION \u00ab MIEUX SE CONNAITRE, MIEUX COMPRENDRE LES AUTRES \u00bb<\/h2>\n\n\n\n<p>Formation certifiante* \u00e0 l\u2019Enn\u00e9agramme<\/p>\n\n\n\n<p>* Le stage de formation est aussi appel\u00e9 Module 1 ou M1. Il est valid\u00e9 par le Centre d\u2019Etude de l\u2019Enn\u00e9agramme . Il fait partie int\u00e9grante de la formation du CEE qui permet, \u00e0 son terme, d\u2019obtenir la certification d\u2019Helen Palmer et Eric Salmon. Il vous est donc possible, apr\u00e8s avoir suivi un M1 avec Aide-toi, d\u2019acc\u00e9der directement au module 2 propos\u00e9 par le <a href=\"https:\/\/cee-enneagramme.eu\/\" data-type=\"URL\" data-id=\"https:\/\/cee-enneagramme.eu\/\">CEE<\/a> .<\/p>\n\n\n\n<p><strong>Dates des prochaines formations d\u2019initiation \u00e0 l\u2019Enn\u00e9agramme<\/strong><\/p>\n\n\n\n<p>1 &#8211; En Bretagne, \u00e0 Ploeuc sur li\u00e9, avec Dominique SALIS<\/p>\n\n\n\n<p>Formations propos\u00e9es sur deux journ\u00e9es.<\/p>\n\n\n\n<ul class=\"wp-block-list\">\n<li>9 ET 11 SEPTEMBRE 2023<\/li>\n\n\n\n<li>27 ET 30 OCTOBRE 2023<\/li>\n\n\n\n<li>10 ET 13 NOVEMBRE 2023<\/li>\n\n\n\n<li>15 ET 18 DECEMBRE 2023<\/li>\n<\/ul>\n\n\n\n<p>2 &#8211; En R\u00e9gion parisienne, \u00e0 Versailles, avec Laurence DANIELOU,<\/p>\n\n\n\n<p>Formations propos\u00e9es sur 1 journ\u00e9e (de 9h \u00e0 19h + s\u00e9ance de coaching individuel + un livre D\u00e9couvrir l\u2019enn\u00e9agramme offert)<\/p>\n\n\n\n<ul class=\"wp-block-list\">\n<li>16 SEPTEMBRE 2023<\/li>\n\n\n\n<li>21 OCTOBRE 2023<\/li>\n\n\n\n<li>18 NOVEMBRE 2023<\/li>\n\n\n\n<li>23 DECEMBRE 2023<\/li>\n<\/ul>\n\n\n\n<p>N\u2019h\u00e9sitez pas \u00e0 demander d\u00e8s \u00e0 pr\u00e9sent les autres dates possibles aupr\u00e8s de Laurence DANIELOU ou Dominique SALIS.<\/p>\n","protected":false},"excerpt":{"rendered":"<p>FORMATION \u00ab MIEUX SE CONNAITRE, MIEUX COMPRENDRE LES AUTRES \u00bb Formation certifiante* \u00e0 l\u2019Enn\u00e9agramme * Le stage de formation est aussi appel\u00e9 Module 1 ou M1. Il est valid\u00e9 par le Centre d\u2019Etude de l\u2019Enn\u00e9agramme . Il fait partie int\u00e9grante de la formation du CEE qui permet, \u00e0 son terme, d\u2019obtenir la certification d\u2019Helen Palmer&hellip;&nbsp;<a href=\"https:\/\/aidetoi.fr\/index.php\/aide-toi\/propositions\/formations\/\" rel=\"bookmark\">Lire la suite &raquo;<span class=\"screen-reader-text\">Formations<\/span><\/a><\/p>\n","protected":false},"author":1,"featured_media":0,"parent":23,"menu_order":2,"comment_status":"closed","ping_status":"closed","template":"","meta":{"_coblocks_attr":"","_coblocks_dimensions":"","_coblocks_responsive_height":"","_coblocks_accordion_ie_support":"","neve_meta_sidebar":"","neve_meta_container":"","neve_meta_enable_content_width":"","neve_meta_content_width":0,"neve_meta_title_alignment":"","neve_meta_author_avatar":"","neve_post_elements_order":"","neve_meta_disable_header":"","neve_meta_disable_footer":"","neve_meta_disable_title":"","_themeisle_gutenberg_block_has_review":false,"_ti_tpc_template_sync":false,"_ti_tpc_template_id":"","footnotes":""},"class_list":["post-55","page","type-page","status-publish","hentry"],"_links":{"self":[{"href":"https:\/\/aidetoi.fr\/index.php\/wp-json\/wp\/v2\/pages\/55","targetHints":{"allow":["GET"]}}],"collection":[{"href":"https:\/\/aidetoi.fr\/index.php\/wp-json\/wp\/v2\/pages"}],"about":[{"href":"https:\/\/aidetoi.fr\/index.php\/wp-json\/wp\/v2\/types\/page"}],"author":[{"embeddable":true,"href":"https:\/\/aidetoi.fr\/index.php\/wp-json\/wp\/v2\/users\/1"}],"replies":[{"embeddable":true,"href":"https:\/\/aidetoi.fr\/index.php\/wp-json\/wp\/v2\/comments?post=55"}],"version-history":[{"count":7,"href":"https:\/\/aidetoi.fr\/index.php\/wp-json\/wp\/v2\/pages\/55\/revisions"}],"predecessor-version":[{"id":253,"href":"https:\/\/aidetoi.fr\/index.php\/wp-json\/wp\/v2\/pages\/55\/revisions\/253"}],"up":[{"embeddable":true,"href":"https:\/\/aidetoi.fr\/index.php\/wp-json\/wp\/v2\/pages\/23"}],"wp:attachment":[{"href":"https:\/\/aidetoi.fr\/index.php\/wp-json\/wp\/v2\/media?parent=55"}],"curies":[{"name":"wp","href":"https:\/\/api.w.org\/{rel}","templated":true}]}}