{"id":57,"date":"2023-07-29T19:25:09","date_gmt":"2023-07-29T17:25:09","guid":{"rendered":"https:\/\/aidetoi.fr\/?page_id=57"},"modified":"2023-08-07T16:07:16","modified_gmt":"2023-08-07T14:07:16","slug":"articles","status":"publish","type":"page","link":"https:\/\/aidetoi.fr\/index.php\/aide-toi\/ressources\/articles\/","title":{"rendered":"Articles"},"content":{"rendered":"\n<p><\/p>\n\n\n\n<h2 class=\"wp-block-heading\">L\u2019atelier \u00ab Enn\u00e9agramme : les neuf chemins vers la compassion \u00bb<\/h2>\n\n\n\n<p>Les coachs d\u2019Aide-toi, Laurence DANIELOU et Dominique SALIS, ont anim\u00e9 un atelier \u00ab Enn\u00e9agramme : les neuf chemins vers la Compassion \u00bb, le samedi puis le dimanche, lors des Rencontres Chr\u00e9tiennes de l\u2019Enn\u00e9agramme de novembre 2013 \u00e0 St Etienne.<\/p>\n\n\n\n<p>Voir le programme d\u00e9taill\u00e9 :<\/p>\n\n\n\n<p>Rencontres Chr\u00e9tiennes de l&#8217;Enn\u00e9agramme9-10-11 novembre 2013 \u00e0 St Etienne (42000)<\/p>\n\n\n\n<p>Enn\u00e9agramme : les neuf chemins vers la Compassion<\/p>\n\n\n\n<p>\u00abSoyez gentil, parce que chaque personne que vous rencontrez m\u00e8ne un combat difficile.\u00bb Platon.<\/p>\n\n\n\n<p>Le travail sur soi avec l\u2019enn\u00e9agramme am\u00e8ne naturellement \u00e0 agrandir notre capacit\u00e9 \u00e0 nous ouvrir \u00e0 l\u2019autre, \u00e0 l\u2019accueillir dans sa souffrance, \u00e0 nous faire compagnons sur le chemin d\u2019humanit\u00e9.<\/p>\n\n\n\n<p>Dans cet atelier interactif, nous nous sommes interrog\u00e9s sur ce que signifie le terme compassion.<\/p>\n\n\n\n<p>Nous avons \u00e9chang\u00e9 sur comment chacun, selon son profil enn\u00e9agramme lorsqu\u2019il le conna\u00eet, r\u00e9agit face \u00e0 la souffrance, la sienne et celle des autres.<\/p>\n\n\n\n<p>Nous avons vu comment l\u2019enn\u00e9agramme parle des 9 blessures principales, peurs et m\u00e9canismes de d\u00e9fense associ\u00e9s.<\/p>\n\n\n\n<p>Nous nous sommes laiss\u00e9s interrog\u00e9s par quelques paroles d\u2019Evangile.<\/p>\n\n\n\n<p>Plus d\u2019informations sur :<\/p>\n\n\n\n<div data-wp-interactive=\"core\/file\" class=\"wp-block-file\"><object data-wp-bind--hidden=\"!state.hasPdfPreview\" hidden class=\"wp-block-file__embed\" data=\"https:\/\/aidetoi.fr\/wp-content\/uploads\/rencontres-chretiennes-de-lEnneagramme.pdf\" type=\"application\/pdf\" style=\"width:100%;height:600px\" aria-label=\"Contenu embarqu\u00e9 rencontres-chretiennes-de-lEnneagramme.\"><\/object><a id=\"wp-block-file--media-2c929180-f3eb-4269-96c1-d491dc69da87\" href=\"https:\/\/aidetoi.fr\/wp-content\/uploads\/rencontres-chretiennes-de-lEnneagramme.pdf\">rencontres-chretiennes-de-lEnneagramme<\/a><a href=\"https:\/\/aidetoi.fr\/wp-content\/uploads\/rencontres-chretiennes-de-lEnneagramme.pdf\" class=\"wp-block-file__button wp-element-button\" download aria-describedby=\"wp-block-file--media-2c929180-f3eb-4269-96c1-d491dc69da87\">T\u00e9l\u00e9charger<\/a><\/div>\n\n\n\n<p><\/p>\n\n\n\n<h2 class=\"wp-block-heading\">Couple et Coaching<\/h2>\n\n\n\n<p>AIDE-TOI a organis\u00e9 :<\/p>\n\n\n\n<p>\u2013 un atelier \u00ab Qui sont ces couples heureux ? \u00bb anim\u00e9 par Yvon DALLAIRE, psychologue et sexologue qu\u00e9becois, les 20 et 27 mars 2013, \u00e0 Versailles (78),<\/p>\n\n\n\n<p>\u2013 deux conf\u00e9rences \u00ab Qui sont ces femmes heureuses ? \u00bb, \u00ab Qui sont ces hommes heureux ? \u00bb anim\u00e9es par Yvon DALLAIRE, les 20 et 27 mars 2013, \u00e0 Versailles (78).<\/p>\n\n\n\n<p>Aide-toi conseille la formation en th\u00e9rapie conjugale et sexuelle s\u2019adressant aux professionnels de la sant\u00e9 et de la relation d\u2019aide.<\/p>\n\n\n\n<p>Cette formation en Psycho-Sexologie Positive r\u00e9unit deux formations en une :<\/p>\n\n\n\n<p>1. Une formation en Th\u00e9rapie Conjugale Positive, approche d\u00e9velopp\u00e9e et supervis\u00e9e par le psychologue-sexologue qu\u00e9becois Yvon DALLAIRE, M.Ps.<\/p>\n\n\n\n<p>2. Une formation en Th\u00e9rapie Sexuelle Positivee, d\u00e9velopp\u00e9e et supervis\u00e9e par le sexologue belge Iv PSALTI, Ph.D, Docteur en Sciences Biom\u00e9dicales et professeur \u00e0 l\u2019ULB et l\u2019UCL.<\/p>\n\n\n\n<h2 class=\"wp-block-heading\">Enn\u00e9acath<\/h2>\n\n\n\n<p>Le r\u00e9seau Enn\u00e9acath a \u00e9t\u00e9 cr\u00e9\u00e9 en 2012.<\/p>\n\n\n\n<p>Il met en relation les animateurs de stage enn\u00e9agramme, formateurs certifi\u00e9s ou non, qui se reconnaissent comme chr\u00e9tiens utilisant l\u2019enn\u00e9agramme.<\/p>\n\n\n\n<p>Les Rencontres Chr\u00e9tiennes de l\u2019Enn\u00e9agramme de Saint-\u00c9tienne les 9, 10, 11 novembre 2013 ont \u00e9t\u00e9 l\u2019occasion pour le r\u00e9seau de s\u2019illustrer en animant la plupart des ateliers propos\u00e9s.<\/p>\n\n\n\n<p>Si l\u2019outil est transmis dans la plus grande neutralit\u00e9 au sein d\u2019AIDE-TOI, l\u2019implication dans le r\u00e9seau Enn\u00e9acath est pour nous, au del\u00e0 de notre certification reconnue \u00e0 l\u2019international, le signe de la volont\u00e9 d\u2019ancrer notre transmission dans le respect le plus profond de la personne humaine, quelque soient ses croyances et convictions.<\/p>\n\n\n\n<p>Nous vous proposons ci-dessous la lettre de Xavier VILLETTE \u00e9crite \u00e0 l\u2019issue de ces 3 jours historiques :<\/p>\n\n\n\n<p>&#8220;Mille participants aux rencontres chr\u00e9tiennes de l\u2019enn\u00e9agramme !<\/p>\n\n\n\n<p>Je vous \u00e9cris de St-Etienne, terre de football, mais aussi pour quelques jours terre de r\u00e9flexion et d\u2019\u00e9change autour de l\u2019enn\u00e9agramme.<\/p>\n\n\n\n<p>Le P\u00e8re Jean-Luc SOUVETON et une \u00e9quipe de formateurs ont construit trois journ\u00e9es d\u2019\u00e9changes, de conf\u00e9rences, de tables rondes, d\u2019ateliers, qui ont eu lieu du 9 au 11 novembre. Il s\u2019agit de r\u00e9fl\u00e9chir sur l\u2019int\u00e9r\u00eat que l\u2019outil enn\u00e9agramme peut avoir dans la vie personnelle et communautaire des chr\u00e9tiens : quelle place l\u2019enn\u00e9agramme, et plus largement le d\u00e9veloppement personnel, peuvent-ils trouver dans la vie chr\u00e9tienne ?<\/p>\n\n\n\n<p>Le journal La Vie, RCF, KTO, s\u2019en sont fait \u00e9cho.<\/p>\n\n\n\n<p>Surprise : alors que nous esp\u00e9rions atteindre 300 participants, ce sont presque 1000 personnes qui sont venues de toute la France et d\u2019ailleurs. En majorit\u00e9 des catholiques, mais aussi des musulmans, des juifs, et d\u2019autres. Dans un atelier sur l\u2019enn\u00e9agramme en paroisse j\u2019ai rencontr\u00e9 un pasteur protestant. Une femme pr\u00eatre anglicane a particip\u00e9 \u00e0 une table ronde sur \u00ab enn\u00e9agramme et vie spirituelle \u00bb. Mon voisin de table ce soir est un adepte du zen\u2026<\/p>\n\n\n\n<p>Environ la moiti\u00e9 des participants d\u00e9couvrent l\u2019enn\u00e9agramme. L\u2019autre moiti\u00e9 a d\u00e9j\u00e0 fait des sessions, ou bien sont des formateurs, des praticiens, des coachs, des accompagnateurs. Le nombre des participants dit une attente. L\u2019enn\u00e9agramme a fait longtemps l\u2019objet de la haine de quelques-uns dans l\u2019Eglise, en raison de l\u2019int\u00e9r\u00eat que lui ont port\u00e9 des courants comme le New Age, mais il semble que les choses avancent aujourd\u2019hui plus sereinement.<\/p>\n\n\n\n<p>Doit-on refuser l\u2019usage du tournevis au motif que l\u2019on peut crever des pneus avec ? Non. Il faut s\u2019en servir \u00e0 bon escient, c\u2019est tout. L\u2019enn\u00e9agramme est un outil, rien de plus. C\u2019est un bel outil pour mieux se conna\u00eetre et mieux comprendre les autres. Les conf\u00e9rences et autres d\u00e9bats ont montr\u00e9 qu\u2019il peut \u00eatre au service des chr\u00e9tiens, sans pr\u00e9tendre \u00eatre un passage oblig\u00e9.<\/p>\n\n\n\n<p>C\u2019est Etienne SEGUIER qui a introduit le th\u00e8me en nous invitant \u00e0 \u00ab ouvrir l\u2019espace de notre tente \u00bb. Les P Pascal IDE, Bernard UGEUX, Jean-Luc SOUVETON, Erik SAMSON, Bruno MARTIN, Mgr Dominique LEBRUN, \u00e9v\u00eaque de St Etienne et Mgr Remi DE ROO, \u00e9v\u00eaque \u00e9m\u00e9rite de VICTORIA au Canada, ont apport\u00e9 leur \u00e9clairage, chacun selon ses comp\u00e9tences singuli\u00e8res : Bible, vie spirituelle, th\u00e9ologie, vie en Eglise. Norbert MALLET a apport\u00e9 sa contribution de philosophe. Il faudrait encore ajouter celles d\u2019Olivia VARIN-BERNIER, d\u2019Eric SALMON, de Val\u00e9rie et Fran\u00e7ois MAILLOT, formateurs enn\u00e9agramme, de S\u0153ur Marie-Dolor\u00e8s MARCO, religieuse du C\u00e9nacle, Dominique LAMBERT, psycho-praticienne, Marie-Dominique FOUQUERAY, psychiatre, Guy CORDIER, p\u00e9dopsychiatre, Isabelle CHARTIER, psychoth\u00e9rapeute. Un groupe de \u00ab sages \u00bb, dont plusieurs ne connaissaient pas l\u2019outil, s\u2019est fait l\u2019\u00e9cho des questions de la salle et des leurs propres.<\/p>\n\n\n\n<p>Le r\u00e9seau Enn\u00e9acath que nous animons, Monique DENOEUD et moi-m\u00eame, est heureux d\u2019avoir contribu\u00e9 discr\u00e8tement mais efficacement par ses membres \u00e0 la r\u00e9ussite de ces journ\u00e9es.<\/p>\n\n\n\n<p>Merci \u00e0 Jean-Luc et \u00e0 toute son \u00e9quipe, un grand bravo, et bonne route \u00e0 l\u2019enn\u00e9agramme.&#8221;<\/p>\n\n\n\n<p>A Saint-Etienne, le 11 11 2013<\/p>\n\n\n\n<p>Xavier VILLETTE<\/p>\n","protected":false},"excerpt":{"rendered":"<p>L\u2019atelier \u00ab Enn\u00e9agramme : les neuf chemins vers la compassion \u00bb Les coachs d\u2019Aide-toi, Laurence DANIELOU et Dominique SALIS, ont anim\u00e9 un atelier \u00ab Enn\u00e9agramme : les neuf chemins vers la Compassion \u00bb, le samedi puis le dimanche, lors des Rencontres Chr\u00e9tiennes de l\u2019Enn\u00e9agramme de novembre 2013 \u00e0 St Etienne. Voir le programme d\u00e9taill\u00e9 :&hellip;&nbsp;<a href=\"https:\/\/aidetoi.fr\/index.php\/aide-toi\/ressources\/articles\/\" rel=\"bookmark\">Lire la suite &raquo;<span class=\"screen-reader-text\">Articles<\/span><\/a><\/p>\n","protected":false},"author":1,"featured_media":0,"parent":25,"menu_order":7,"comment_status":"closed","ping_status":"closed","template":"","meta":{"_coblocks_attr":"","_coblocks_dimensions":"","_coblocks_responsive_height":"","_coblocks_accordion_ie_support":"","neve_meta_sidebar":"","neve_meta_container":"","neve_meta_enable_content_width":"","neve_meta_content_width":0,"neve_meta_title_alignment":"","neve_meta_author_avatar":"","neve_post_elements_order":"","neve_meta_disable_header":"","neve_meta_disable_footer":"","neve_meta_disable_title":"","_themeisle_gutenberg_block_has_review":false,"_ti_tpc_template_sync":false,"_ti_tpc_template_id":"","footnotes":""},"class_list":["post-57","page","type-page","status-publish","hentry"],"_links":{"self":[{"href":"https:\/\/aidetoi.fr\/index.php\/wp-json\/wp\/v2\/pages\/57","targetHints":{"allow":["GET"]}}],"collection":[{"href":"https:\/\/aidetoi.fr\/index.php\/wp-json\/wp\/v2\/pages"}],"about":[{"href":"https:\/\/aidetoi.fr\/index.php\/wp-json\/wp\/v2\/types\/page"}],"author":[{"embeddable":true,"href":"https:\/\/aidetoi.fr\/index.php\/wp-json\/wp\/v2\/users\/1"}],"replies":[{"embeddable":true,"href":"https:\/\/aidetoi.fr\/index.php\/wp-json\/wp\/v2\/comments?post=57"}],"version-history":[{"count":4,"href":"https:\/\/aidetoi.fr\/index.php\/wp-json\/wp\/v2\/pages\/57\/revisions"}],"predecessor-version":[{"id":209,"href":"https:\/\/aidetoi.fr\/index.php\/wp-json\/wp\/v2\/pages\/57\/revisions\/209"}],"up":[{"embeddable":true,"href":"https:\/\/aidetoi.fr\/index.php\/wp-json\/wp\/v2\/pages\/25"}],"wp:attachment":[{"href":"https:\/\/aidetoi.fr\/index.php\/wp-json\/wp\/v2\/media?parent=57"}],"curies":[{"name":"wp","href":"https:\/\/api.w.org\/{rel}","templated":true}]}}